{"id":10055,"date":"2019-03-11T16:05:51","date_gmt":"2019-03-11T15:05:51","guid":{"rendered":"https:\/\/www.dennebosflooring.com\/product\/d-02\/"},"modified":"2023-04-25T12:07:42","modified_gmt":"2023-04-25T10:07:42","slug":"d-02","status":"publish","type":"product","link":"https:\/\/www.dennebosflooring.com\/de\/produkt\/d-02\/","title":{"rendered":"D.02"},"content":{"rendered":"[vc_row type=&#8221;in_container&#8221; full_screen_row_position=&#8221;middle&#8221; scene_position=&#8221;center&#8221; text_color=&#8221;dark&#8221; text_align=&#8221;left&#8221; top_padding=&#8221;20&#8243; overlay_strength=&#8221;0.3&#8243; shape_divider_position=&#8221;bottom&#8221; bg_image_animation=&#8221;none&#8221; shape_type=&#8221;&#8221;][vc_column column_padding=&#8221;no-extra-padding&#8221; column_padding_position=&#8221;all&#8221; background_color_opacity=&#8221;1&#8243; background_hover_color_opacity=&#8221;1&#8243; column_link_target=&#8221;_self&#8221; column_shadow=&#8221;none&#8221; column_border_radius=&#8221;none&#8221; width=&#8221;1\/1&#8243; tablet_width_inherit=&#8221;default&#8221; tablet_text_alignment=&#8221;default&#8221; phone_text_alignment=&#8221;default&#8221; column_border_width=&#8221;none&#8221; column_border_style=&#8221;solid&#8221; bg_image_animation=&#8221;none&#8221;][vc_column_text]\n<table class=\"producttabel\">\n<thead class=\"tabelkopklasse\">\n<tr>\n<th class=\"kop\">Information<\/th>\n<\/tr>\n<\/thead>\n<tbody class=\"tabelbody\">\n<tr>\n<td class=\"cel\"><strong>Geeignet f\u00fcr die verlegung auf Fussbodenheizung\/ Kuhlungs Systeme. <\/strong>In verschiedene Sortierungen zu erhalten.<\/td>\n<\/tr>\n<\/tbody>\n<\/table>\n[\/vc_column_text][\/vc_column][\/vc_row][vc_row type=&#8221;in_container&#8221; full_screen_row_position=&#8221;middle&#8221; scene_position=&#8221;center&#8221; text_color=&#8221;dark&#8221; text_align=&#8221;left&#8221; overlay_strength=&#8221;0.3&#8243; shape_divider_position=&#8221;bottom&#8221; bg_image_animation=&#8221;none&#8221;][vc_column column_padding=&#8221;no-extra-padding&#8221; column_padding_position=&#8221;all&#8221; background_color_opacity=&#8221;1&#8243; background_hover_color_opacity=&#8221;1&#8243; column_link_target=&#8221;_self&#8221; column_shadow=&#8221;none&#8221; column_border_radius=&#8221;none&#8221; width=&#8221;1\/1&#8243; tablet_width_inherit=&#8221;default&#8221; tablet_text_alignment=&#8221;default&#8221; phone_text_alignment=&#8221;default&#8221; column_border_width=&#8221;none&#8221; column_border_style=&#8221;solid&#8221; bg_image_animation=&#8221;none&#8221;][vc_column_text]\n<table class=\"producttabel\">\n<thead class=\"tabelkopklasse\">\n<tr>\n<th class=\"kop\"><strong>Spezielle L\u00e4ngen<\/strong><\/th>\n<\/tr>\n<\/thead>\n<tbody class=\"tabelbody\">\n<tr>\n<td class=\"cel\">3.000 &#8211; 5.000 mm **<\/td>\n<\/tr>\n<\/tbody>\n<\/table>\n[\/vc_column_text][\/vc_column][\/vc_row][vc_row type=&#8221;in_container&#8221; full_screen_row_position=&#8221;middle&#8221; scene_position=&#8221;center&#8221; text_color=&#8221;dark&#8221; text_align=&#8221;left&#8221; overlay_strength=&#8221;0.3&#8243; shape_divider_position=&#8221;bottom&#8221; bg_image_animation=&#8221;none&#8221;][vc_column column_padding=&#8221;no-extra-padding&#8221; column_padding_position=&#8221;all&#8221; background_color_opacity=&#8221;1&#8243; background_hover_color_opacity=&#8221;1&#8243; column_link_target=&#8221;_self&#8221; column_shadow=&#8221;none&#8221; column_border_radius=&#8221;none&#8221; width=&#8221;1\/1&#8243; tablet_width_inherit=&#8221;default&#8221; tablet_text_alignment=&#8221;default&#8221; phone_text_alignment=&#8221;default&#8221; column_border_width=&#8221;none&#8221; column_border_style=&#8221;solid&#8221; bg_image_animation=&#8221;none&#8221;][vc_column_text]\n<table class=\"producttabel\">\n<thead class=\"tabelkopklasse\">\n<tr>\n<th class=\"kop\"><strong>Verf\u00fcgbare Breiten<\/strong><\/th>\n<\/tr>\n<\/thead>\n<tbody class=\"tabelbody\">\n<tr>\n<td class=\"cel\">120 mm<\/td>\n<\/tr>\n<tr>\n<td class=\"cel\">140 mm<\/td>\n<\/tr>\n<tr>\n<td class=\"cel\">160 mm<\/td>\n<\/tr>\n<tr>\n<td class=\"cel\">185 mm<\/td>\n<\/tr>\n<tr>\n<td class=\"cel\">220 mm<\/td>\n<\/tr>\n<tr>\n<td class=\"cel\">240 mm<\/td>\n<\/tr>\n<tr>\n<td class=\"cel\">260 &#8211; 400 mm *<\/td>\n<\/tr>\n<\/tbody>\n<\/table>\n[\/vc_column_text][\/vc_column][\/vc_row][vc_row type=&#8221;in_container&#8221; full_screen_row_position=&#8221;middle&#8221; scene_position=&#8221;center&#8221; text_color=&#8221;dark&#8221; text_align=&#8221;left&#8221; overlay_strength=&#8221;0.3&#8243; shape_divider_position=&#8221;bottom&#8221; bg_image_animation=&#8221;none&#8221;][vc_column column_padding=&#8221;no-extra-padding&#8221; column_padding_position=&#8221;all&#8221; background_color_opacity=&#8221;1&#8243; background_hover_color_opacity=&#8221;1&#8243; column_link_target=&#8221;_self&#8221; column_shadow=&#8221;none&#8221; column_border_radius=&#8221;none&#8221; width=&#8221;1\/1&#8243; tablet_width_inherit=&#8221;default&#8221; tablet_text_alignment=&#8221;default&#8221; phone_text_alignment=&#8221;default&#8221; column_border_width=&#8221;none&#8221; column_border_style=&#8221;solid&#8221; bg_image_animation=&#8221;none&#8221;][vc_column_text]*Technisch bedingt sind die Dielen zwischen 260-400 mm Breit 20,5 mm Stark.<\/p>\n<p>** F\u00fcr extra lange Dielen fragen Sie bitte die jeweils verf\u00fcgbare Breite an.[\/vc_column_text][\/vc_column][\/vc_row]\n","protected":false},"excerpt":{"rendered":"<p>Die von Dennebos gefertigten Dielen haben eine Standardst\u00e4rke von 17,5 mm (12 + 5,5 mm) und eine L\u00e4nge zwischen 600 und 2700 mm. Der Anteil der Dielen unter 1500 mm sollte 20% der Gesamtmenge nicht \u00fcberschreiten. Die St\u00e4rke von 20,5 mm (15+ 5,5 mm) ist auf Anfrage m\u00f6glich. Dennebos Flooring Dielen sind geignet fur Verlegung auf Fussbodenheizung.<\/p>\n","protected":false},"featured_media":10056,"template":"","meta":[],"product_brand":[],"product_cat":[442],"product_tag":[],"class_list":{"0":"post-10055","1":"product","2":"type-product","3":"status-publish","4":"has-post-thumbnail","6":"product_cat-dunkel","8":"first","9":"instock","10":"shipping-taxable","11":"product-type-simple"},"yoast_head":"<!-- This site is optimized with the Yoast SEO plugin v26.4 - https:\/\/yoast.com\/wordpress\/plugins\/seo\/ -->\n<title>D.02 - Dennebos Flooring<\/title>\n<meta name=\"robots\" content=\"index, follow, max-snippet:-1, max-image-preview:large, max-video-preview:-1\" \/>\n<link rel=\"canonical\" href=\"https:\/\/www.dennebosflooring.com\/de\/produkt\/d-02\/\" \/>\n<meta property=\"og:locale\" content=\"de_DE\" \/>\n<meta property=\"og:type\" content=\"article\" \/>\n<meta property=\"og:title\" content=\"D.02 - Dennebos Flooring\" \/>\n<meta property=\"og:description\" content=\"Die von Dennebos gefertigten Dielen haben eine Standardst\u00e4rke von 17,5 mm (12 + 5,5 mm) und eine L\u00e4nge zwischen 600 und 2700 mm. Der Anteil der Dielen unter 1500 mm sollte 20% der Gesamtmenge nicht \u00fcberschreiten. Die St\u00e4rke von 20,5 mm (15+ 5,5 mm) ist auf Anfrage m\u00f6glich. Dennebos Flooring Dielen sind geignet fur Verlegung auf Fussbodenheizung.\" \/>\n<meta property=\"og:url\" content=\"https:\/\/www.dennebosflooring.com\/de\/produkt\/d-02\/\" \/>\n<meta property=\"og:site_name\" content=\"Dennebos Flooring\" \/>\n<meta property=\"article:modified_time\" content=\"2023-04-25T10:07:42+00:00\" \/>\n<meta property=\"og:image\" content=\"https:\/\/www.dennebosflooring.com\/wp-content\/uploads\/2019\/01\/Dennebos-Flooring-D.02-Kleurstaal.jpg\" \/>\n\t<meta property=\"og:image:width\" content=\"1000\" \/>\n\t<meta property=\"og:image:height\" content=\"1000\" \/>\n\t<meta property=\"og:image:type\" content=\"image\/jpeg\" \/>\n<meta name=\"twitter:card\" content=\"summary_large_image\" \/>\n<meta name=\"twitter:label1\" content=\"Gesch\u00e4tzte Lesezeit\" \/>\n\t<meta name=\"twitter:data1\" content=\"2 minutes\" \/>\n<script type=\"application\/ld+json\" class=\"yoast-schema-graph\">{\"@context\":\"https:\/\/schema.org\",\"@graph\":[{\"@type\":\"WebPage\",\"@id\":\"https:\/\/www.dennebosflooring.com\/de\/produkt\/d-02\/\",\"url\":\"https:\/\/www.dennebosflooring.com\/de\/produkt\/d-02\/\",\"name\":\"D.02 - Dennebos Flooring\",\"isPartOf\":{\"@id\":\"https:\/\/www.dennebosflooring.com\/de\/#website\"},\"primaryImageOfPage\":{\"@id\":\"https:\/\/www.dennebosflooring.com\/de\/produkt\/d-02\/#primaryimage\"},\"image\":{\"@id\":\"https:\/\/www.dennebosflooring.com\/de\/produkt\/d-02\/#primaryimage\"},\"thumbnailUrl\":\"https:\/\/www.dennebosflooring.com\/wp-content\/uploads\/2019\/01\/Dennebos-Flooring-D.02-Kleurstaal.jpg\",\"datePublished\":\"2019-03-11T15:05:51+00:00\",\"dateModified\":\"2023-04-25T10:07:42+00:00\",\"breadcrumb\":{\"@id\":\"https:\/\/www.dennebosflooring.com\/de\/produkt\/d-02\/#breadcrumb\"},\"inLanguage\":\"de-DE\",\"potentialAction\":[{\"@type\":\"ReadAction\",\"target\":[\"https:\/\/www.dennebosflooring.com\/de\/produkt\/d-02\/\"]}]},{\"@type\":\"ImageObject\",\"inLanguage\":\"de-DE\",\"@id\":\"https:\/\/www.dennebosflooring.com\/de\/produkt\/d-02\/#primaryimage\",\"url\":\"https:\/\/www.dennebosflooring.com\/wp-content\/uploads\/2019\/01\/Dennebos-Flooring-D.02-Kleurstaal.jpg\",\"contentUrl\":\"https:\/\/www.dennebosflooring.com\/wp-content\/uploads\/2019\/01\/Dennebos-Flooring-D.02-Kleurstaal.jpg\",\"width\":1000,\"height\":1000},{\"@type\":\"BreadcrumbList\",\"@id\":\"https:\/\/www.dennebosflooring.com\/de\/produkt\/d-02\/#breadcrumb\",\"itemListElement\":[{\"@type\":\"ListItem\",\"position\":1,\"name\":\"Home\",\"item\":\"https:\/\/www.dennebosflooring.com\/de\/\"},{\"@type\":\"ListItem\",\"position\":2,\"name\":\"Kollektion\",\"item\":\"https:\/\/www.dennebosflooring.com\/de\/kollektion\/\"},{\"@type\":\"ListItem\",\"position\":3,\"name\":\"D.02\"}]},{\"@type\":\"WebSite\",\"@id\":\"https:\/\/www.dennebosflooring.com\/de\/#website\",\"url\":\"https:\/\/www.dennebosflooring.com\/de\/\",\"name\":\"Dennebos Flooring\",\"description\":\"Unieke vloeren uit eigen productie.\",\"potentialAction\":[{\"@type\":\"SearchAction\",\"target\":{\"@type\":\"EntryPoint\",\"urlTemplate\":\"https:\/\/www.dennebosflooring.com\/de\/?s={search_term_string}\"},\"query-input\":{\"@type\":\"PropertyValueSpecification\",\"valueRequired\":true,\"valueName\":\"search_term_string\"}}],\"inLanguage\":\"de-DE\"}]}<\/script>\n<!-- \/ Yoast SEO plugin. -->","yoast_head_json":{"title":"D.02 - Dennebos Flooring","robots":{"index":"index","follow":"follow","max-snippet":"max-snippet:-1","max-image-preview":"max-image-preview:large","max-video-preview":"max-video-preview:-1"},"canonical":"https:\/\/www.dennebosflooring.com\/de\/produkt\/d-02\/","og_locale":"de_DE","og_type":"article","og_title":"D.02 - Dennebos Flooring","og_description":"Die von Dennebos gefertigten Dielen haben eine Standardst\u00e4rke von 17,5 mm (12 + 5,5 mm) und eine L\u00e4nge zwischen 600 und 2700 mm. Der Anteil der Dielen unter 1500 mm sollte 20% der Gesamtmenge nicht \u00fcberschreiten. Die St\u00e4rke von 20,5 mm (15+ 5,5 mm) ist auf Anfrage m\u00f6glich. Dennebos Flooring Dielen sind geignet fur Verlegung auf Fussbodenheizung.","og_url":"https:\/\/www.dennebosflooring.com\/de\/produkt\/d-02\/","og_site_name":"Dennebos Flooring","article_modified_time":"2023-04-25T10:07:42+00:00","og_image":[{"width":1000,"height":1000,"url":"https:\/\/www.dennebosflooring.com\/wp-content\/uploads\/2019\/01\/Dennebos-Flooring-D.02-Kleurstaal.jpg","type":"image\/jpeg"}],"twitter_card":"summary_large_image","twitter_misc":{"Gesch\u00e4tzte Lesezeit":"2 minutes"},"schema":{"@context":"https:\/\/schema.org","@graph":[{"@type":"WebPage","@id":"https:\/\/www.dennebosflooring.com\/de\/produkt\/d-02\/","url":"https:\/\/www.dennebosflooring.com\/de\/produkt\/d-02\/","name":"D.02 - Dennebos Flooring","isPartOf":{"@id":"https:\/\/www.dennebosflooring.com\/de\/#website"},"primaryImageOfPage":{"@id":"https:\/\/www.dennebosflooring.com\/de\/produkt\/d-02\/#primaryimage"},"image":{"@id":"https:\/\/www.dennebosflooring.com\/de\/produkt\/d-02\/#primaryimage"},"thumbnailUrl":"https:\/\/www.dennebosflooring.com\/wp-content\/uploads\/2019\/01\/Dennebos-Flooring-D.02-Kleurstaal.jpg","datePublished":"2019-03-11T15:05:51+00:00","dateModified":"2023-04-25T10:07:42+00:00","breadcrumb":{"@id":"https:\/\/www.dennebosflooring.com\/de\/produkt\/d-02\/#breadcrumb"},"inLanguage":"de-DE","potentialAction":[{"@type":"ReadAction","target":["https:\/\/www.dennebosflooring.com\/de\/produkt\/d-02\/"]}]},{"@type":"ImageObject","inLanguage":"de-DE","@id":"https:\/\/www.dennebosflooring.com\/de\/produkt\/d-02\/#primaryimage","url":"https:\/\/www.dennebosflooring.com\/wp-content\/uploads\/2019\/01\/Dennebos-Flooring-D.02-Kleurstaal.jpg","contentUrl":"https:\/\/www.dennebosflooring.com\/wp-content\/uploads\/2019\/01\/Dennebos-Flooring-D.02-Kleurstaal.jpg","width":1000,"height":1000},{"@type":"BreadcrumbList","@id":"https:\/\/www.dennebosflooring.com\/de\/produkt\/d-02\/#breadcrumb","itemListElement":[{"@type":"ListItem","position":1,"name":"Home","item":"https:\/\/www.dennebosflooring.com\/de\/"},{"@type":"ListItem","position":2,"name":"Kollektion","item":"https:\/\/www.dennebosflooring.com\/de\/kollektion\/"},{"@type":"ListItem","position":3,"name":"D.02"}]},{"@type":"WebSite","@id":"https:\/\/www.dennebosflooring.com\/de\/#website","url":"https:\/\/www.dennebosflooring.com\/de\/","name":"Dennebos Flooring","description":"Unieke vloeren uit eigen productie.","potentialAction":[{"@type":"SearchAction","target":{"@type":"EntryPoint","urlTemplate":"https:\/\/www.dennebosflooring.com\/de\/?s={search_term_string}"},"query-input":{"@type":"PropertyValueSpecification","valueRequired":true,"valueName":"search_term_string"}}],"inLanguage":"de-DE"}]}},"_links":{"self":[{"href":"https:\/\/www.dennebosflooring.com\/de\/wp-json\/wp\/v2\/product\/10055","targetHints":{"allow":["GET"]}}],"collection":[{"href":"https:\/\/www.dennebosflooring.com\/de\/wp-json\/wp\/v2\/product"}],"about":[{"href":"https:\/\/www.dennebosflooring.com\/de\/wp-json\/wp\/v2\/types\/product"}],"wp:featuredmedia":[{"embeddable":true,"href":"https:\/\/www.dennebosflooring.com\/de\/wp-json\/wp\/v2\/media\/10056"}],"wp:attachment":[{"href":"https:\/\/www.dennebosflooring.com\/de\/wp-json\/wp\/v2\/media?parent=10055"}],"wp:term":[{"taxonomy":"product_brand","embeddable":true,"href":"https:\/\/www.dennebosflooring.com\/de\/wp-json\/wp\/v2\/product_brand?post=10055"},{"taxonomy":"product_cat","embeddable":true,"href":"https:\/\/www.dennebosflooring.com\/de\/wp-json\/wp\/v2\/product_cat?post=10055"},{"taxonomy":"product_tag","embeddable":true,"href":"https:\/\/www.dennebosflooring.com\/de\/wp-json\/wp\/v2\/product_tag?post=10055"}],"curies":[{"name":"wp","href":"https:\/\/api.w.org\/{rel}","templated":true}]}}