{"id":8588,"date":"2019-03-12T08:37:02","date_gmt":"2019-03-12T07:37:02","guid":{"rendered":"https:\/\/www.dennebosflooring.com\/product\/r-07\/"},"modified":"2023-04-25T11:10:07","modified_gmt":"2023-04-25T09:10:07","slug":"r-07","status":"publish","type":"product","link":"https:\/\/www.dennebosflooring.com\/de\/produkt\/r-07\/","title":{"rendered":"R.07"},"content":{"rendered":"[vc_row type=&#8221;in_container&#8221; full_screen_row_position=&#8221;middle&#8221; scene_position=&#8221;center&#8221; text_color=&#8221;dark&#8221; text_align=&#8221;left&#8221; overlay_strength=&#8221;0.3&#8243; shape_divider_position=&#8221;bottom&#8221; bg_image_animation=&#8221;none&#8221;][vc_column column_padding=&#8221;no-extra-padding&#8221; column_padding_position=&#8221;all&#8221; background_color_opacity=&#8221;1&#8243; background_hover_color_opacity=&#8221;1&#8243; column_link_target=&#8221;_self&#8221; column_shadow=&#8221;none&#8221; column_border_radius=&#8221;none&#8221; width=&#8221;1\/1&#8243; tablet_width_inherit=&#8221;default&#8221; tablet_text_alignment=&#8221;default&#8221; phone_text_alignment=&#8221;default&#8221; column_border_width=&#8221;none&#8221; column_border_style=&#8221;solid&#8221; bg_image_animation=&#8221;none&#8221;][vc_column_text]Altholzb\u00f6den, vom fr\u00fcheren \u201cGlanz\u201d zu einer begehrten, modernen Holzdiele umgebaut<\/p>\n<p>Das Holz stammt aus uralter Nutzung und bekommt durch uns eine neue Funktion. Aus altem Eiche Konstruktionsholz werden, im eigenen Werk, massive Deckschichten ges\u00e4gt. Danach werden die Deckschichten getrocknet und auf eine Birkesperrholz als Tr\u00e4gerschicht verpresst, stabil genug um f\u00fcr die Verlegung auf eine Warmwasser \u2013 Fu\u00dfbodenheizung geeignet zu sein.<\/p>\n<p>Durch die optimale Verwendung vom Altholz wird unsere Umwelt so wenig wie m\u00f6glich belastet. Die Oberfl\u00e4chenbehandlung mit biologisch-abbaubaren, oxidativ-h\u00e4rtende Hartwachs\u00f6l macht die B\u00f6den perfekt.[\/vc_column_text][\/vc_column][\/vc_row]\n","protected":false},"excerpt":{"rendered":"<p>Dennebos Mehrschicht Altholzdielen haben eine St\u00e4rke von 17,5 mm [ 12 + 5,5 mm] und eine Breite von ca. 220 mm. L\u00e4ngenverteilung ist fallend zwischen 600-2700 mm, mit ein maximalen Anteil von 20% unter 1500 mm. Eine St\u00e4rke von 20,5 mm [ 15 + 5,5 mm] ist gegen Aufpreis erh\u00e4ltlich. Dennebos Altholzdielen sind geignet fur Verlegung auf Fussbodenheizung.<\/p>\n","protected":false},"featured_media":8589,"template":"","meta":[],"product_brand":[],"product_cat":[427],"product_tag":[],"class_list":{"0":"post-8588","1":"product","2":"type-product","3":"status-publish","4":"has-post-thumbnail","6":"product_cat-reclaimed-wood-de","8":"first","9":"instock","10":"shipping-taxable","11":"product-type-simple"},"yoast_head":"<!-- This site is optimized with the Yoast SEO plugin v26.4 - https:\/\/yoast.com\/wordpress\/plugins\/seo\/ -->\n<title>R.07 - Dennebos Flooring<\/title>\n<meta name=\"robots\" content=\"index, follow, max-snippet:-1, max-image-preview:large, max-video-preview:-1\" \/>\n<link rel=\"canonical\" href=\"https:\/\/www.dennebosflooring.com\/de\/produkt\/r-07\/\" \/>\n<meta property=\"og:locale\" content=\"de_DE\" \/>\n<meta property=\"og:type\" content=\"article\" \/>\n<meta property=\"og:title\" content=\"R.07 - Dennebos Flooring\" \/>\n<meta property=\"og:description\" content=\"Dennebos Mehrschicht Altholzdielen haben eine St\u00e4rke von 17,5 mm [ 12 + 5,5 mm] und eine Breite von ca. 220 mm. L\u00e4ngenverteilung ist fallend zwischen 600-2700 mm, mit ein maximalen Anteil von 20% unter 1500 mm. Eine St\u00e4rke von 20,5 mm [ 15 + 5,5 mm] ist gegen Aufpreis erh\u00e4ltlich. Dennebos Altholzdielen sind geignet fur Verlegung auf Fussbodenheizung.\" \/>\n<meta property=\"og:url\" content=\"https:\/\/www.dennebosflooring.com\/de\/produkt\/r-07\/\" \/>\n<meta property=\"og:site_name\" content=\"Dennebos Flooring\" \/>\n<meta property=\"article:modified_time\" content=\"2023-04-25T09:10:07+00:00\" \/>\n<meta property=\"og:image\" content=\"https:\/\/www.dennebosflooring.com\/wp-content\/uploads\/2019\/12\/Dennebos-Flooring-R.07-Kleurstaal.jpg\" \/>\n\t<meta property=\"og:image:width\" content=\"1000\" \/>\n\t<meta property=\"og:image:height\" content=\"1000\" \/>\n\t<meta property=\"og:image:type\" content=\"image\/jpeg\" \/>\n<meta name=\"twitter:card\" content=\"summary_large_image\" \/>\n<meta name=\"twitter:label1\" content=\"Gesch\u00e4tzte Lesezeit\" \/>\n\t<meta name=\"twitter:data1\" content=\"1 minute\" \/>\n<script type=\"application\/ld+json\" class=\"yoast-schema-graph\">{\"@context\":\"https:\/\/schema.org\",\"@graph\":[{\"@type\":\"WebPage\",\"@id\":\"https:\/\/www.dennebosflooring.com\/de\/produkt\/r-07\/\",\"url\":\"https:\/\/www.dennebosflooring.com\/de\/produkt\/r-07\/\",\"name\":\"R.07 - Dennebos Flooring\",\"isPartOf\":{\"@id\":\"https:\/\/www.dennebosflooring.com\/de\/#website\"},\"primaryImageOfPage\":{\"@id\":\"https:\/\/www.dennebosflooring.com\/de\/produkt\/r-07\/#primaryimage\"},\"image\":{\"@id\":\"https:\/\/www.dennebosflooring.com\/de\/produkt\/r-07\/#primaryimage\"},\"thumbnailUrl\":\"https:\/\/www.dennebosflooring.com\/wp-content\/uploads\/2019\/12\/Dennebos-Flooring-R.07-Kleurstaal.jpg\",\"datePublished\":\"2019-03-12T07:37:02+00:00\",\"dateModified\":\"2023-04-25T09:10:07+00:00\",\"breadcrumb\":{\"@id\":\"https:\/\/www.dennebosflooring.com\/de\/produkt\/r-07\/#breadcrumb\"},\"inLanguage\":\"de-DE\",\"potentialAction\":[{\"@type\":\"ReadAction\",\"target\":[\"https:\/\/www.dennebosflooring.com\/de\/produkt\/r-07\/\"]}]},{\"@type\":\"ImageObject\",\"inLanguage\":\"de-DE\",\"@id\":\"https:\/\/www.dennebosflooring.com\/de\/produkt\/r-07\/#primaryimage\",\"url\":\"https:\/\/www.dennebosflooring.com\/wp-content\/uploads\/2019\/12\/Dennebos-Flooring-R.07-Kleurstaal.jpg\",\"contentUrl\":\"https:\/\/www.dennebosflooring.com\/wp-content\/uploads\/2019\/12\/Dennebos-Flooring-R.07-Kleurstaal.jpg\",\"width\":1000,\"height\":1000},{\"@type\":\"BreadcrumbList\",\"@id\":\"https:\/\/www.dennebosflooring.com\/de\/produkt\/r-07\/#breadcrumb\",\"itemListElement\":[{\"@type\":\"ListItem\",\"position\":1,\"name\":\"Home\",\"item\":\"https:\/\/www.dennebosflooring.com\/de\/\"},{\"@type\":\"ListItem\",\"position\":2,\"name\":\"Kollektion\",\"item\":\"https:\/\/www.dennebosflooring.com\/de\/kollektion\/\"},{\"@type\":\"ListItem\",\"position\":3,\"name\":\"R.07\"}]},{\"@type\":\"WebSite\",\"@id\":\"https:\/\/www.dennebosflooring.com\/de\/#website\",\"url\":\"https:\/\/www.dennebosflooring.com\/de\/\",\"name\":\"Dennebos Flooring\",\"description\":\"Unieke vloeren uit eigen productie.\",\"potentialAction\":[{\"@type\":\"SearchAction\",\"target\":{\"@type\":\"EntryPoint\",\"urlTemplate\":\"https:\/\/www.dennebosflooring.com\/de\/?s={search_term_string}\"},\"query-input\":{\"@type\":\"PropertyValueSpecification\",\"valueRequired\":true,\"valueName\":\"search_term_string\"}}],\"inLanguage\":\"de-DE\"}]}<\/script>\n<!-- \/ Yoast SEO plugin. -->","yoast_head_json":{"title":"R.07 - Dennebos Flooring","robots":{"index":"index","follow":"follow","max-snippet":"max-snippet:-1","max-image-preview":"max-image-preview:large","max-video-preview":"max-video-preview:-1"},"canonical":"https:\/\/www.dennebosflooring.com\/de\/produkt\/r-07\/","og_locale":"de_DE","og_type":"article","og_title":"R.07 - Dennebos Flooring","og_description":"Dennebos Mehrschicht Altholzdielen haben eine St\u00e4rke von 17,5 mm [ 12 + 5,5 mm] und eine Breite von ca. 220 mm. L\u00e4ngenverteilung ist fallend zwischen 600-2700 mm, mit ein maximalen Anteil von 20% unter 1500 mm. Eine St\u00e4rke von 20,5 mm [ 15 + 5,5 mm] ist gegen Aufpreis erh\u00e4ltlich. Dennebos Altholzdielen sind geignet fur Verlegung auf Fussbodenheizung.","og_url":"https:\/\/www.dennebosflooring.com\/de\/produkt\/r-07\/","og_site_name":"Dennebos Flooring","article_modified_time":"2023-04-25T09:10:07+00:00","og_image":[{"width":1000,"height":1000,"url":"https:\/\/www.dennebosflooring.com\/wp-content\/uploads\/2019\/12\/Dennebos-Flooring-R.07-Kleurstaal.jpg","type":"image\/jpeg"}],"twitter_card":"summary_large_image","twitter_misc":{"Gesch\u00e4tzte Lesezeit":"1 minute"},"schema":{"@context":"https:\/\/schema.org","@graph":[{"@type":"WebPage","@id":"https:\/\/www.dennebosflooring.com\/de\/produkt\/r-07\/","url":"https:\/\/www.dennebosflooring.com\/de\/produkt\/r-07\/","name":"R.07 - Dennebos Flooring","isPartOf":{"@id":"https:\/\/www.dennebosflooring.com\/de\/#website"},"primaryImageOfPage":{"@id":"https:\/\/www.dennebosflooring.com\/de\/produkt\/r-07\/#primaryimage"},"image":{"@id":"https:\/\/www.dennebosflooring.com\/de\/produkt\/r-07\/#primaryimage"},"thumbnailUrl":"https:\/\/www.dennebosflooring.com\/wp-content\/uploads\/2019\/12\/Dennebos-Flooring-R.07-Kleurstaal.jpg","datePublished":"2019-03-12T07:37:02+00:00","dateModified":"2023-04-25T09:10:07+00:00","breadcrumb":{"@id":"https:\/\/www.dennebosflooring.com\/de\/produkt\/r-07\/#breadcrumb"},"inLanguage":"de-DE","potentialAction":[{"@type":"ReadAction","target":["https:\/\/www.dennebosflooring.com\/de\/produkt\/r-07\/"]}]},{"@type":"ImageObject","inLanguage":"de-DE","@id":"https:\/\/www.dennebosflooring.com\/de\/produkt\/r-07\/#primaryimage","url":"https:\/\/www.dennebosflooring.com\/wp-content\/uploads\/2019\/12\/Dennebos-Flooring-R.07-Kleurstaal.jpg","contentUrl":"https:\/\/www.dennebosflooring.com\/wp-content\/uploads\/2019\/12\/Dennebos-Flooring-R.07-Kleurstaal.jpg","width":1000,"height":1000},{"@type":"BreadcrumbList","@id":"https:\/\/www.dennebosflooring.com\/de\/produkt\/r-07\/#breadcrumb","itemListElement":[{"@type":"ListItem","position":1,"name":"Home","item":"https:\/\/www.dennebosflooring.com\/de\/"},{"@type":"ListItem","position":2,"name":"Kollektion","item":"https:\/\/www.dennebosflooring.com\/de\/kollektion\/"},{"@type":"ListItem","position":3,"name":"R.07"}]},{"@type":"WebSite","@id":"https:\/\/www.dennebosflooring.com\/de\/#website","url":"https:\/\/www.dennebosflooring.com\/de\/","name":"Dennebos Flooring","description":"Unieke vloeren uit eigen productie.","potentialAction":[{"@type":"SearchAction","target":{"@type":"EntryPoint","urlTemplate":"https:\/\/www.dennebosflooring.com\/de\/?s={search_term_string}"},"query-input":{"@type":"PropertyValueSpecification","valueRequired":true,"valueName":"search_term_string"}}],"inLanguage":"de-DE"}]}},"_links":{"self":[{"href":"https:\/\/www.dennebosflooring.com\/de\/wp-json\/wp\/v2\/product\/8588","targetHints":{"allow":["GET"]}}],"collection":[{"href":"https:\/\/www.dennebosflooring.com\/de\/wp-json\/wp\/v2\/product"}],"about":[{"href":"https:\/\/www.dennebosflooring.com\/de\/wp-json\/wp\/v2\/types\/product"}],"wp:featuredmedia":[{"embeddable":true,"href":"https:\/\/www.dennebosflooring.com\/de\/wp-json\/wp\/v2\/media\/8589"}],"wp:attachment":[{"href":"https:\/\/www.dennebosflooring.com\/de\/wp-json\/wp\/v2\/media?parent=8588"}],"wp:term":[{"taxonomy":"product_brand","embeddable":true,"href":"https:\/\/www.dennebosflooring.com\/de\/wp-json\/wp\/v2\/product_brand?post=8588"},{"taxonomy":"product_cat","embeddable":true,"href":"https:\/\/www.dennebosflooring.com\/de\/wp-json\/wp\/v2\/product_cat?post=8588"},{"taxonomy":"product_tag","embeddable":true,"href":"https:\/\/www.dennebosflooring.com\/de\/wp-json\/wp\/v2\/product_tag?post=8588"}],"curies":[{"name":"wp","href":"https:\/\/api.w.org\/{rel}","templated":true}]}}