{"id":8614,"date":"2019-03-12T08:30:08","date_gmt":"2019-03-12T07:30:08","guid":{"rendered":"https:\/\/www.dennebosflooring.com\/product\/r-04\/"},"modified":"2021-04-24T10:26:10","modified_gmt":"2021-04-24T08:26:10","slug":"r-04","status":"publish","type":"product","link":"https:\/\/www.dennebosflooring.com\/fr\/produit\/r-04\/","title":{"rendered":"R.04"},"content":{"rendered":"[vc_row type=\u00a0\u00bbin_container\u00a0\u00bb full_screen_row_position=\u00a0\u00bbmiddle\u00a0\u00bb scene_position=\u00a0\u00bbcenter\u00a0\u00bb text_color=\u00a0\u00bbdark\u00a0\u00bb text_align=\u00a0\u00bbleft\u00a0\u00bb overlay_strength=\u00a0\u00bb0.3&Prime; shape_divider_position=\u00a0\u00bbbottom\u00a0\u00bb bg_image_animation=\u00a0\u00bbnone\u00a0\u00bb][vc_column column_padding=\u00a0\u00bbno-extra-padding\u00a0\u00bb column_padding_position=\u00a0\u00bball\u00a0\u00bb background_color_opacity=\u00a0\u00bb1&Prime; background_hover_color_opacity=\u00a0\u00bb1&Prime; column_link_target=\u00a0\u00bb_self\u00a0\u00bb column_shadow=\u00a0\u00bbnone\u00a0\u00bb column_border_radius=\u00a0\u00bbnone\u00a0\u00bb width=\u00a0\u00bb1\/1&Prime; tablet_width_inherit=\u00a0\u00bbdefault\u00a0\u00bb tablet_text_alignment=\u00a0\u00bbdefault\u00a0\u00bb phone_text_alignment=\u00a0\u00bbdefault\u00a0\u00bb column_border_width=\u00a0\u00bbnone\u00a0\u00bb column_border_style=\u00a0\u00bbsolid\u00a0\u00bb bg_image_animation=\u00a0\u00bbnone\u00a0\u00bb][vc_column_text]Vieux bois de ch\u00eane, r\u00e9cup\u00e9r\u00e9 et re transform\u00e9 par des professionnels pour former de \u201cnouvelles\u201d et modernes planches de bois de qualit\u00e9.<\/p>\n<p>Notre production consiste \u00e0 scier des couches d\u2019usure solides \u00e0 partir de vieux mat\u00e9riaux de construction en ch\u00eane, qui sont ensuite s\u00e9ch\u00e9es et coll\u00e9es sur un support en plis de bouleau afin d\u2019offrir une stabilit\u00e9 exceptionnelle et de bonnes performances avec les syst\u00e8mes de chauffage \/ refroidissement par le sol.<\/p>\n<p>Notre nouveau \u00abvieux\u00bb bois est le premier choix des environnementalistes. En outre, une fois encore, sans compromettre l\u2019environnement, nous utilisons une huile de cire durcissante biod\u00e9gradable de qualit\u00e9 Eco pour am\u00e9liorer et prot\u00e9ger votre investissement.[\/vc_column_text][\/vc_column][\/vc_row]\n","protected":false},"excerpt":{"rendered":"<p>Les rev\u00eatements de sol en bois r\u00e9cup\u00e9r\u00e9s Dennebos ont une \u00e9paisseur standard de 17.5 mm (12 mm de contreplaqu\u00e9 de bouleau + 5.5 mm ch\u00eane) et une largeur approximative de 220 mm. La longueur des lames est al\u00e9atoire entre 600 mm \u2013 2700 mm. La longueur des lames inf\u00e9rieure \u00e0 1500 mm ne d\u00e9passe pas 20% du total. Au sein des parquets Dennebos nous pouvons trouver \u00e9galement une \u00e9paisseur de 20.5 mm \u00e0 un co\u00fbt additionnel.<\/p>\n","protected":false},"featured_media":8615,"template":"","meta":[],"product_brand":[],"product_cat":[426],"product_tag":[],"class_list":{"0":"post-8614","1":"product","2":"type-product","3":"status-publish","4":"has-post-thumbnail","6":"product_cat-reclaimed-vieux-bois","8":"first","9":"instock","10":"shipping-taxable","11":"product-type-simple"},"yoast_head":"<!-- This site is optimized with the Yoast SEO plugin v26.4 - https:\/\/yoast.com\/wordpress\/plugins\/seo\/ -->\n<title>R.04 - Dennebos Flooring<\/title>\n<meta name=\"robots\" content=\"index, follow, max-snippet:-1, max-image-preview:large, max-video-preview:-1\" \/>\n<link rel=\"canonical\" href=\"https:\/\/www.dennebosflooring.com\/fr\/produit\/r-04\/\" \/>\n<meta property=\"og:locale\" content=\"fr_FR\" \/>\n<meta property=\"og:type\" content=\"article\" \/>\n<meta property=\"og:title\" content=\"R.04 - Dennebos Flooring\" \/>\n<meta property=\"og:description\" content=\"Les rev\u00eatements de sol en bois r\u00e9cup\u00e9r\u00e9s Dennebos ont une \u00e9paisseur standard de 17.5 mm (12 mm de contreplaqu\u00e9 de bouleau + 5.5 mm ch\u00eane) et une largeur approximative de 220 mm. La longueur des lames est al\u00e9atoire entre 600 mm \u2013 2700 mm. La longueur des lames inf\u00e9rieure \u00e0 1500 mm ne d\u00e9passe pas 20% du total. Au sein des parquets Dennebos nous pouvons trouver \u00e9galement une \u00e9paisseur de 20.5 mm \u00e0 un co\u00fbt additionnel.\" \/>\n<meta property=\"og:url\" content=\"https:\/\/www.dennebosflooring.com\/fr\/produit\/r-04\/\" \/>\n<meta property=\"og:site_name\" content=\"Dennebos Flooring\" \/>\n<meta property=\"article:modified_time\" content=\"2021-04-24T08:26:10+00:00\" \/>\n<meta property=\"og:image\" content=\"https:\/\/www.dennebosflooring.com\/wp-content\/uploads\/2019\/12\/Dennebos-Flooring-R.04-Kleurstaal.jpg\" \/>\n\t<meta property=\"og:image:width\" content=\"1000\" \/>\n\t<meta property=\"og:image:height\" content=\"1000\" \/>\n\t<meta property=\"og:image:type\" content=\"image\/jpeg\" \/>\n<meta name=\"twitter:card\" content=\"summary_large_image\" \/>\n<meta name=\"twitter:label1\" content=\"Dur\u00e9e de lecture estim\u00e9e\" \/>\n\t<meta name=\"twitter:data1\" content=\"1 minute\" \/>\n<script type=\"application\/ld+json\" class=\"yoast-schema-graph\">{\"@context\":\"https:\/\/schema.org\",\"@graph\":[{\"@type\":\"WebPage\",\"@id\":\"https:\/\/www.dennebosflooring.com\/fr\/produit\/r-04\/\",\"url\":\"https:\/\/www.dennebosflooring.com\/fr\/produit\/r-04\/\",\"name\":\"R.04 - Dennebos Flooring\",\"isPartOf\":{\"@id\":\"https:\/\/www.dennebosflooring.com\/fr\/#website\"},\"primaryImageOfPage\":{\"@id\":\"https:\/\/www.dennebosflooring.com\/fr\/produit\/r-04\/#primaryimage\"},\"image\":{\"@id\":\"https:\/\/www.dennebosflooring.com\/fr\/produit\/r-04\/#primaryimage\"},\"thumbnailUrl\":\"https:\/\/www.dennebosflooring.com\/wp-content\/uploads\/2019\/12\/Dennebos-Flooring-R.04-Kleurstaal.jpg\",\"datePublished\":\"2019-03-12T07:30:08+00:00\",\"dateModified\":\"2021-04-24T08:26:10+00:00\",\"breadcrumb\":{\"@id\":\"https:\/\/www.dennebosflooring.com\/fr\/produit\/r-04\/#breadcrumb\"},\"inLanguage\":\"fr-FR\",\"potentialAction\":[{\"@type\":\"ReadAction\",\"target\":[\"https:\/\/www.dennebosflooring.com\/fr\/produit\/r-04\/\"]}]},{\"@type\":\"ImageObject\",\"inLanguage\":\"fr-FR\",\"@id\":\"https:\/\/www.dennebosflooring.com\/fr\/produit\/r-04\/#primaryimage\",\"url\":\"https:\/\/www.dennebosflooring.com\/wp-content\/uploads\/2019\/12\/Dennebos-Flooring-R.04-Kleurstaal.jpg\",\"contentUrl\":\"https:\/\/www.dennebosflooring.com\/wp-content\/uploads\/2019\/12\/Dennebos-Flooring-R.04-Kleurstaal.jpg\",\"width\":1000,\"height\":1000},{\"@type\":\"BreadcrumbList\",\"@id\":\"https:\/\/www.dennebosflooring.com\/fr\/produit\/r-04\/#breadcrumb\",\"itemListElement\":[{\"@type\":\"ListItem\",\"position\":1,\"name\":\"Home\",\"item\":\"https:\/\/www.dennebosflooring.com\/fr\/\"},{\"@type\":\"ListItem\",\"position\":2,\"name\":\"Collection\",\"item\":\"https:\/\/www.dennebosflooring.com\/collectie\/\"},{\"@type\":\"ListItem\",\"position\":3,\"name\":\"R.04\"}]},{\"@type\":\"WebSite\",\"@id\":\"https:\/\/www.dennebosflooring.com\/fr\/#website\",\"url\":\"https:\/\/www.dennebosflooring.com\/fr\/\",\"name\":\"Dennebos Flooring\",\"description\":\"Unieke vloeren uit eigen productie.\",\"potentialAction\":[{\"@type\":\"SearchAction\",\"target\":{\"@type\":\"EntryPoint\",\"urlTemplate\":\"https:\/\/www.dennebosflooring.com\/fr\/?s={search_term_string}\"},\"query-input\":{\"@type\":\"PropertyValueSpecification\",\"valueRequired\":true,\"valueName\":\"search_term_string\"}}],\"inLanguage\":\"fr-FR\"}]}<\/script>\n<!-- \/ Yoast SEO plugin. -->","yoast_head_json":{"title":"R.04 - Dennebos Flooring","robots":{"index":"index","follow":"follow","max-snippet":"max-snippet:-1","max-image-preview":"max-image-preview:large","max-video-preview":"max-video-preview:-1"},"canonical":"https:\/\/www.dennebosflooring.com\/fr\/produit\/r-04\/","og_locale":"fr_FR","og_type":"article","og_title":"R.04 - Dennebos Flooring","og_description":"Les rev\u00eatements de sol en bois r\u00e9cup\u00e9r\u00e9s Dennebos ont une \u00e9paisseur standard de 17.5 mm (12 mm de contreplaqu\u00e9 de bouleau + 5.5 mm ch\u00eane) et une largeur approximative de 220 mm. La longueur des lames est al\u00e9atoire entre 600 mm \u2013 2700 mm. La longueur des lames inf\u00e9rieure \u00e0 1500 mm ne d\u00e9passe pas 20% du total. Au sein des parquets Dennebos nous pouvons trouver \u00e9galement une \u00e9paisseur de 20.5 mm \u00e0 un co\u00fbt additionnel.","og_url":"https:\/\/www.dennebosflooring.com\/fr\/produit\/r-04\/","og_site_name":"Dennebos Flooring","article_modified_time":"2021-04-24T08:26:10+00:00","og_image":[{"width":1000,"height":1000,"url":"https:\/\/www.dennebosflooring.com\/wp-content\/uploads\/2019\/12\/Dennebos-Flooring-R.04-Kleurstaal.jpg","type":"image\/jpeg"}],"twitter_card":"summary_large_image","twitter_misc":{"Dur\u00e9e de lecture estim\u00e9e":"1 minute"},"schema":{"@context":"https:\/\/schema.org","@graph":[{"@type":"WebPage","@id":"https:\/\/www.dennebosflooring.com\/fr\/produit\/r-04\/","url":"https:\/\/www.dennebosflooring.com\/fr\/produit\/r-04\/","name":"R.04 - Dennebos Flooring","isPartOf":{"@id":"https:\/\/www.dennebosflooring.com\/fr\/#website"},"primaryImageOfPage":{"@id":"https:\/\/www.dennebosflooring.com\/fr\/produit\/r-04\/#primaryimage"},"image":{"@id":"https:\/\/www.dennebosflooring.com\/fr\/produit\/r-04\/#primaryimage"},"thumbnailUrl":"https:\/\/www.dennebosflooring.com\/wp-content\/uploads\/2019\/12\/Dennebos-Flooring-R.04-Kleurstaal.jpg","datePublished":"2019-03-12T07:30:08+00:00","dateModified":"2021-04-24T08:26:10+00:00","breadcrumb":{"@id":"https:\/\/www.dennebosflooring.com\/fr\/produit\/r-04\/#breadcrumb"},"inLanguage":"fr-FR","potentialAction":[{"@type":"ReadAction","target":["https:\/\/www.dennebosflooring.com\/fr\/produit\/r-04\/"]}]},{"@type":"ImageObject","inLanguage":"fr-FR","@id":"https:\/\/www.dennebosflooring.com\/fr\/produit\/r-04\/#primaryimage","url":"https:\/\/www.dennebosflooring.com\/wp-content\/uploads\/2019\/12\/Dennebos-Flooring-R.04-Kleurstaal.jpg","contentUrl":"https:\/\/www.dennebosflooring.com\/wp-content\/uploads\/2019\/12\/Dennebos-Flooring-R.04-Kleurstaal.jpg","width":1000,"height":1000},{"@type":"BreadcrumbList","@id":"https:\/\/www.dennebosflooring.com\/fr\/produit\/r-04\/#breadcrumb","itemListElement":[{"@type":"ListItem","position":1,"name":"Home","item":"https:\/\/www.dennebosflooring.com\/fr\/"},{"@type":"ListItem","position":2,"name":"Collection","item":"https:\/\/www.dennebosflooring.com\/collectie\/"},{"@type":"ListItem","position":3,"name":"R.04"}]},{"@type":"WebSite","@id":"https:\/\/www.dennebosflooring.com\/fr\/#website","url":"https:\/\/www.dennebosflooring.com\/fr\/","name":"Dennebos Flooring","description":"Unieke vloeren uit eigen productie.","potentialAction":[{"@type":"SearchAction","target":{"@type":"EntryPoint","urlTemplate":"https:\/\/www.dennebosflooring.com\/fr\/?s={search_term_string}"},"query-input":{"@type":"PropertyValueSpecification","valueRequired":true,"valueName":"search_term_string"}}],"inLanguage":"fr-FR"}]}},"_links":{"self":[{"href":"https:\/\/www.dennebosflooring.com\/fr\/wp-json\/wp\/v2\/product\/8614","targetHints":{"allow":["GET"]}}],"collection":[{"href":"https:\/\/www.dennebosflooring.com\/fr\/wp-json\/wp\/v2\/product"}],"about":[{"href":"https:\/\/www.dennebosflooring.com\/fr\/wp-json\/wp\/v2\/types\/product"}],"wp:featuredmedia":[{"embeddable":true,"href":"https:\/\/www.dennebosflooring.com\/fr\/wp-json\/wp\/v2\/media\/8615"}],"wp:attachment":[{"href":"https:\/\/www.dennebosflooring.com\/fr\/wp-json\/wp\/v2\/media?parent=8614"}],"wp:term":[{"taxonomy":"product_brand","embeddable":true,"href":"https:\/\/www.dennebosflooring.com\/fr\/wp-json\/wp\/v2\/product_brand?post=8614"},{"taxonomy":"product_cat","embeddable":true,"href":"https:\/\/www.dennebosflooring.com\/fr\/wp-json\/wp\/v2\/product_cat?post=8614"},{"taxonomy":"product_tag","embeddable":true,"href":"https:\/\/www.dennebosflooring.com\/fr\/wp-json\/wp\/v2\/product_tag?post=8614"}],"curies":[{"name":"wp","href":"https:\/\/api.w.org\/{rel}","templated":true}]}}