{"id":9713,"date":"2019-03-11T16:36:41","date_gmt":"2019-03-11T15:36:41","guid":{"rendered":"https:\/\/www.dennebosflooring.com\/product\/g-08\/"},"modified":"2021-04-24T10:17:00","modified_gmt":"2021-04-24T08:17:00","slug":"g-08","status":"publish","type":"product","link":"https:\/\/www.dennebosflooring.com\/fr\/produit\/g-08\/","title":{"rendered":"G.08"},"content":{"rendered":"[vc_row type=\u00a0\u00bbin_container\u00a0\u00bb full_screen_row_position=\u00a0\u00bbmiddle\u00a0\u00bb scene_position=\u00a0\u00bbcenter\u00a0\u00bb text_color=\u00a0\u00bbdark\u00a0\u00bb text_align=\u00a0\u00bbleft\u00a0\u00bb top_padding=\u00a0\u00bb20&Prime; overlay_strength=\u00a0\u00bb0.3&Prime; shape_divider_position=\u00a0\u00bbbottom\u00a0\u00bb bg_image_animation=\u00a0\u00bbnone\u00a0\u00bb shape_type=\u00a0\u00bb\u00a0\u00bb][vc_column column_padding=\u00a0\u00bbno-extra-padding\u00a0\u00bb column_padding_position=\u00a0\u00bball\u00a0\u00bb background_color_opacity=\u00a0\u00bb1&Prime; background_hover_color_opacity=\u00a0\u00bb1&Prime; column_link_target=\u00a0\u00bb_self\u00a0\u00bb column_shadow=\u00a0\u00bbnone\u00a0\u00bb column_border_radius=\u00a0\u00bbnone\u00a0\u00bb width=\u00a0\u00bb1\/1&Prime; tablet_width_inherit=\u00a0\u00bbdefault\u00a0\u00bb tablet_text_alignment=\u00a0\u00bbdefault\u00a0\u00bb phone_text_alignment=\u00a0\u00bbdefault\u00a0\u00bb column_border_width=\u00a0\u00bbnone\u00a0\u00bb column_border_style=\u00a0\u00bbsolid\u00a0\u00bb bg_image_animation=\u00a0\u00bbnone\u00a0\u00bb][vc_column_text]\n<table class=\"producttabel\">\n<thead class=\"tabelkopklasse\">\n<tr>\n<th class=\"kop\">Information<\/th>\n<\/tr>\n<\/thead>\n<tbody class=\"tabelbody\">\n<tr>\n<td class=\"cel\"><strong>Convient pour l&rsquo;ajustement sur le plancher de chauffage \/ syst\u00e8mes de refroidissement. <\/strong>Disponible en diff\u00e9rents classements.<\/td>\n<\/tr>\n<\/tbody>\n<\/table>\n[\/vc_column_text][\/vc_column][\/vc_row][vc_row type=\u00a0\u00bbin_container\u00a0\u00bb full_screen_row_position=\u00a0\u00bbmiddle\u00a0\u00bb scene_position=\u00a0\u00bbcenter\u00a0\u00bb text_color=\u00a0\u00bbdark\u00a0\u00bb text_align=\u00a0\u00bbleft\u00a0\u00bb overlay_strength=\u00a0\u00bb0.3&Prime; shape_divider_position=\u00a0\u00bbbottom\u00a0\u00bb bg_image_animation=\u00a0\u00bbnone\u00a0\u00bb][vc_column column_padding=\u00a0\u00bbno-extra-padding\u00a0\u00bb column_padding_position=\u00a0\u00bball\u00a0\u00bb background_color_opacity=\u00a0\u00bb1&Prime; background_hover_color_opacity=\u00a0\u00bb1&Prime; column_link_target=\u00a0\u00bb_self\u00a0\u00bb column_shadow=\u00a0\u00bbnone\u00a0\u00bb column_border_radius=\u00a0\u00bbnone\u00a0\u00bb width=\u00a0\u00bb1\/1&Prime; tablet_width_inherit=\u00a0\u00bbdefault\u00a0\u00bb tablet_text_alignment=\u00a0\u00bbdefault\u00a0\u00bb phone_text_alignment=\u00a0\u00bbdefault\u00a0\u00bb column_border_width=\u00a0\u00bbnone\u00a0\u00bb column_border_style=\u00a0\u00bbsolid\u00a0\u00bb bg_image_animation=\u00a0\u00bbnone\u00a0\u00bb][vc_column_text]\n<table class=\"producttabel\">\n<thead class=\"tabelkopklasse\">\n<tr>\n<th class=\"kop\"><strong>Longueur sp\u00e9ciale<\/strong><\/th>\n<\/tr>\n<\/thead>\n<tbody class=\"tabelbody\">\n<tr>\n<td class=\"cel\">3.000 &#8211; 5.000 mm **<\/td>\n<\/tr>\n<\/tbody>\n<\/table>\n[\/vc_column_text][\/vc_column][\/vc_row][vc_row type=\u00a0\u00bbin_container\u00a0\u00bb full_screen_row_position=\u00a0\u00bbmiddle\u00a0\u00bb scene_position=\u00a0\u00bbcenter\u00a0\u00bb text_color=\u00a0\u00bbdark\u00a0\u00bb text_align=\u00a0\u00bbleft\u00a0\u00bb overlay_strength=\u00a0\u00bb0.3&Prime; shape_divider_position=\u00a0\u00bbbottom\u00a0\u00bb bg_image_animation=\u00a0\u00bbnone\u00a0\u00bb][vc_column column_padding=\u00a0\u00bbno-extra-padding\u00a0\u00bb column_padding_position=\u00a0\u00bball\u00a0\u00bb background_color_opacity=\u00a0\u00bb1&Prime; background_hover_color_opacity=\u00a0\u00bb1&Prime; column_link_target=\u00a0\u00bb_self\u00a0\u00bb column_shadow=\u00a0\u00bbnone\u00a0\u00bb column_border_radius=\u00a0\u00bbnone\u00a0\u00bb width=\u00a0\u00bb1\/1&Prime; tablet_width_inherit=\u00a0\u00bbdefault\u00a0\u00bb tablet_text_alignment=\u00a0\u00bbdefault\u00a0\u00bb phone_text_alignment=\u00a0\u00bbdefault\u00a0\u00bb column_border_width=\u00a0\u00bbnone\u00a0\u00bb column_border_style=\u00a0\u00bbsolid\u00a0\u00bb bg_image_animation=\u00a0\u00bbnone\u00a0\u00bb][vc_column_text]\n<table class=\"producttabel\">\n<thead class=\"tabelkopklasse\">\n<tr>\n<th class=\"kop\"><strong>Largeur disponible<\/strong><\/th>\n<\/tr>\n<\/thead>\n<tbody class=\"tabelbody\">\n<tr>\n<td class=\"cel\">120 mm<\/td>\n<\/tr>\n<tr>\n<td class=\"cel\">140 mm<\/td>\n<\/tr>\n<tr>\n<td class=\"cel\">160 mm<\/td>\n<\/tr>\n<tr>\n<td class=\"cel\">185 mm<\/td>\n<\/tr>\n<tr>\n<td class=\"cel\">220 mm<\/td>\n<\/tr>\n<tr>\n<td class=\"cel\">240 mm<\/td>\n<\/tr>\n<tr>\n<td class=\"cel\">260 &#8211; 400 mm *<\/td>\n<\/tr>\n<\/tbody>\n<\/table>\n[\/vc_column_text][\/vc_column][\/vc_row][vc_row type=\u00a0\u00bbin_container\u00a0\u00bb full_screen_row_position=\u00a0\u00bbmiddle\u00a0\u00bb scene_position=\u00a0\u00bbcenter\u00a0\u00bb text_color=\u00a0\u00bbdark\u00a0\u00bb text_align=\u00a0\u00bbleft\u00a0\u00bb overlay_strength=\u00a0\u00bb0.3&Prime; shape_divider_position=\u00a0\u00bbbottom\u00a0\u00bb bg_image_animation=\u00a0\u00bbnone\u00a0\u00bb][vc_column column_padding=\u00a0\u00bbno-extra-padding\u00a0\u00bb column_padding_position=\u00a0\u00bball\u00a0\u00bb background_color_opacity=\u00a0\u00bb1&Prime; background_hover_color_opacity=\u00a0\u00bb1&Prime; column_link_target=\u00a0\u00bb_self\u00a0\u00bb column_shadow=\u00a0\u00bbnone\u00a0\u00bb column_border_radius=\u00a0\u00bbnone\u00a0\u00bb width=\u00a0\u00bb1\/1&Prime; tablet_width_inherit=\u00a0\u00bbdefault\u00a0\u00bb tablet_text_alignment=\u00a0\u00bbdefault\u00a0\u00bb phone_text_alignment=\u00a0\u00bbdefault\u00a0\u00bb column_border_width=\u00a0\u00bbnone\u00a0\u00bb column_border_style=\u00a0\u00bbsolid\u00a0\u00bb bg_image_animation=\u00a0\u00bbnone\u00a0\u00bb][vc_column_text]*Pour des raisons techniques, nos planches de 260 \u00e0 400 mm de large ont une \u00e9paisseur de 20,5 mm.<\/p>\n<p>** S&rsquo;il vous pla\u00eet contactez-nous sur la disponibilit\u00e9 de la largeur pour les plus grandes longueurs.[\/vc_column_text][\/vc_column][\/vc_row]\n","protected":false},"excerpt":{"rendered":"<p>Les parquets con\u00e7us par Dennebos ont une \u00e9paisseur standard de 17,5 mm [12 + 5,5 mm] et une longueur al\u00e9atoire comprise entre 600 et 2700 mm. Pourcentage de lames de moins de 1500 mm ne doit pas d\u00e9passer 20 % du total. L\u2019\u00e9paisseur de 20,5 mm [15 + 5,5 mm] pour une utilisation structurelle est possible sur demande.<\/p>\n","protected":false},"featured_media":9714,"template":"","meta":[],"product_brand":[],"product_cat":[439],"product_tag":[],"class_list":{"0":"post-9713","1":"product","2":"type-product","3":"status-publish","4":"has-post-thumbnail","6":"product_cat-grey-fr","8":"first","9":"instock","10":"shipping-taxable","11":"product-type-simple"},"yoast_head":"<!-- This site is optimized with the Yoast SEO plugin v26.4 - https:\/\/yoast.com\/wordpress\/plugins\/seo\/ -->\n<title>G.08 - Dennebos Flooring<\/title>\n<meta name=\"robots\" content=\"index, follow, max-snippet:-1, max-image-preview:large, max-video-preview:-1\" \/>\n<link rel=\"canonical\" href=\"https:\/\/www.dennebosflooring.com\/fr\/produit\/g-08\/\" \/>\n<meta property=\"og:locale\" content=\"fr_FR\" \/>\n<meta property=\"og:type\" content=\"article\" \/>\n<meta property=\"og:title\" content=\"G.08 - Dennebos Flooring\" \/>\n<meta property=\"og:description\" content=\"Les parquets con\u00e7us par Dennebos ont une \u00e9paisseur standard de 17,5 mm [12 + 5,5 mm] et une longueur al\u00e9atoire comprise entre 600 et 2700 mm. Pourcentage de lames de moins de 1500 mm ne doit pas d\u00e9passer 20 % du total. L\u2019\u00e9paisseur de 20,5 mm [15 + 5,5 mm] pour une utilisation structurelle est possible sur demande.\" \/>\n<meta property=\"og:url\" content=\"https:\/\/www.dennebosflooring.com\/fr\/produit\/g-08\/\" \/>\n<meta property=\"og:site_name\" content=\"Dennebos Flooring\" \/>\n<meta property=\"article:modified_time\" content=\"2021-04-24T08:17:00+00:00\" \/>\n<meta property=\"og:image\" content=\"https:\/\/www.dennebosflooring.com\/wp-content\/uploads\/2020\/02\/Dennebos-Flooring-G.08-Kleurstaal.jpg\" \/>\n\t<meta property=\"og:image:width\" content=\"1000\" \/>\n\t<meta property=\"og:image:height\" content=\"1000\" \/>\n\t<meta property=\"og:image:type\" content=\"image\/jpeg\" \/>\n<meta name=\"twitter:card\" content=\"summary_large_image\" \/>\n<meta name=\"twitter:label1\" content=\"Dur\u00e9e de lecture estim\u00e9e\" \/>\n\t<meta name=\"twitter:data1\" content=\"2 minutes\" \/>\n<script type=\"application\/ld+json\" class=\"yoast-schema-graph\">{\"@context\":\"https:\/\/schema.org\",\"@graph\":[{\"@type\":\"WebPage\",\"@id\":\"https:\/\/www.dennebosflooring.com\/fr\/produit\/g-08\/\",\"url\":\"https:\/\/www.dennebosflooring.com\/fr\/produit\/g-08\/\",\"name\":\"G.08 - Dennebos Flooring\",\"isPartOf\":{\"@id\":\"https:\/\/www.dennebosflooring.com\/fr\/#website\"},\"primaryImageOfPage\":{\"@id\":\"https:\/\/www.dennebosflooring.com\/fr\/produit\/g-08\/#primaryimage\"},\"image\":{\"@id\":\"https:\/\/www.dennebosflooring.com\/fr\/produit\/g-08\/#primaryimage\"},\"thumbnailUrl\":\"https:\/\/www.dennebosflooring.com\/wp-content\/uploads\/2020\/02\/Dennebos-Flooring-G.08-Kleurstaal.jpg\",\"datePublished\":\"2019-03-11T15:36:41+00:00\",\"dateModified\":\"2021-04-24T08:17:00+00:00\",\"breadcrumb\":{\"@id\":\"https:\/\/www.dennebosflooring.com\/fr\/produit\/g-08\/#breadcrumb\"},\"inLanguage\":\"fr-FR\",\"potentialAction\":[{\"@type\":\"ReadAction\",\"target\":[\"https:\/\/www.dennebosflooring.com\/fr\/produit\/g-08\/\"]}]},{\"@type\":\"ImageObject\",\"inLanguage\":\"fr-FR\",\"@id\":\"https:\/\/www.dennebosflooring.com\/fr\/produit\/g-08\/#primaryimage\",\"url\":\"https:\/\/www.dennebosflooring.com\/wp-content\/uploads\/2020\/02\/Dennebos-Flooring-G.08-Kleurstaal.jpg\",\"contentUrl\":\"https:\/\/www.dennebosflooring.com\/wp-content\/uploads\/2020\/02\/Dennebos-Flooring-G.08-Kleurstaal.jpg\",\"width\":1000,\"height\":1000},{\"@type\":\"BreadcrumbList\",\"@id\":\"https:\/\/www.dennebosflooring.com\/fr\/produit\/g-08\/#breadcrumb\",\"itemListElement\":[{\"@type\":\"ListItem\",\"position\":1,\"name\":\"Home\",\"item\":\"https:\/\/www.dennebosflooring.com\/fr\/\"},{\"@type\":\"ListItem\",\"position\":2,\"name\":\"Collection\",\"item\":\"https:\/\/www.dennebosflooring.com\/collectie\/\"},{\"@type\":\"ListItem\",\"position\":3,\"name\":\"G.08\"}]},{\"@type\":\"WebSite\",\"@id\":\"https:\/\/www.dennebosflooring.com\/fr\/#website\",\"url\":\"https:\/\/www.dennebosflooring.com\/fr\/\",\"name\":\"Dennebos Flooring\",\"description\":\"Unieke vloeren uit eigen productie.\",\"potentialAction\":[{\"@type\":\"SearchAction\",\"target\":{\"@type\":\"EntryPoint\",\"urlTemplate\":\"https:\/\/www.dennebosflooring.com\/fr\/?s={search_term_string}\"},\"query-input\":{\"@type\":\"PropertyValueSpecification\",\"valueRequired\":true,\"valueName\":\"search_term_string\"}}],\"inLanguage\":\"fr-FR\"}]}<\/script>\n<!-- \/ Yoast SEO plugin. -->","yoast_head_json":{"title":"G.08 - Dennebos Flooring","robots":{"index":"index","follow":"follow","max-snippet":"max-snippet:-1","max-image-preview":"max-image-preview:large","max-video-preview":"max-video-preview:-1"},"canonical":"https:\/\/www.dennebosflooring.com\/fr\/produit\/g-08\/","og_locale":"fr_FR","og_type":"article","og_title":"G.08 - Dennebos Flooring","og_description":"Les parquets con\u00e7us par Dennebos ont une \u00e9paisseur standard de 17,5 mm [12 + 5,5 mm] et une longueur al\u00e9atoire comprise entre 600 et 2700 mm. Pourcentage de lames de moins de 1500 mm ne doit pas d\u00e9passer 20 % du total. L\u2019\u00e9paisseur de 20,5 mm [15 + 5,5 mm] pour une utilisation structurelle est possible sur demande.","og_url":"https:\/\/www.dennebosflooring.com\/fr\/produit\/g-08\/","og_site_name":"Dennebos Flooring","article_modified_time":"2021-04-24T08:17:00+00:00","og_image":[{"width":1000,"height":1000,"url":"https:\/\/www.dennebosflooring.com\/wp-content\/uploads\/2020\/02\/Dennebos-Flooring-G.08-Kleurstaal.jpg","type":"image\/jpeg"}],"twitter_card":"summary_large_image","twitter_misc":{"Dur\u00e9e de lecture estim\u00e9e":"2 minutes"},"schema":{"@context":"https:\/\/schema.org","@graph":[{"@type":"WebPage","@id":"https:\/\/www.dennebosflooring.com\/fr\/produit\/g-08\/","url":"https:\/\/www.dennebosflooring.com\/fr\/produit\/g-08\/","name":"G.08 - Dennebos Flooring","isPartOf":{"@id":"https:\/\/www.dennebosflooring.com\/fr\/#website"},"primaryImageOfPage":{"@id":"https:\/\/www.dennebosflooring.com\/fr\/produit\/g-08\/#primaryimage"},"image":{"@id":"https:\/\/www.dennebosflooring.com\/fr\/produit\/g-08\/#primaryimage"},"thumbnailUrl":"https:\/\/www.dennebosflooring.com\/wp-content\/uploads\/2020\/02\/Dennebos-Flooring-G.08-Kleurstaal.jpg","datePublished":"2019-03-11T15:36:41+00:00","dateModified":"2021-04-24T08:17:00+00:00","breadcrumb":{"@id":"https:\/\/www.dennebosflooring.com\/fr\/produit\/g-08\/#breadcrumb"},"inLanguage":"fr-FR","potentialAction":[{"@type":"ReadAction","target":["https:\/\/www.dennebosflooring.com\/fr\/produit\/g-08\/"]}]},{"@type":"ImageObject","inLanguage":"fr-FR","@id":"https:\/\/www.dennebosflooring.com\/fr\/produit\/g-08\/#primaryimage","url":"https:\/\/www.dennebosflooring.com\/wp-content\/uploads\/2020\/02\/Dennebos-Flooring-G.08-Kleurstaal.jpg","contentUrl":"https:\/\/www.dennebosflooring.com\/wp-content\/uploads\/2020\/02\/Dennebos-Flooring-G.08-Kleurstaal.jpg","width":1000,"height":1000},{"@type":"BreadcrumbList","@id":"https:\/\/www.dennebosflooring.com\/fr\/produit\/g-08\/#breadcrumb","itemListElement":[{"@type":"ListItem","position":1,"name":"Home","item":"https:\/\/www.dennebosflooring.com\/fr\/"},{"@type":"ListItem","position":2,"name":"Collection","item":"https:\/\/www.dennebosflooring.com\/collectie\/"},{"@type":"ListItem","position":3,"name":"G.08"}]},{"@type":"WebSite","@id":"https:\/\/www.dennebosflooring.com\/fr\/#website","url":"https:\/\/www.dennebosflooring.com\/fr\/","name":"Dennebos Flooring","description":"Unieke vloeren uit eigen productie.","potentialAction":[{"@type":"SearchAction","target":{"@type":"EntryPoint","urlTemplate":"https:\/\/www.dennebosflooring.com\/fr\/?s={search_term_string}"},"query-input":{"@type":"PropertyValueSpecification","valueRequired":true,"valueName":"search_term_string"}}],"inLanguage":"fr-FR"}]}},"_links":{"self":[{"href":"https:\/\/www.dennebosflooring.com\/fr\/wp-json\/wp\/v2\/product\/9713","targetHints":{"allow":["GET"]}}],"collection":[{"href":"https:\/\/www.dennebosflooring.com\/fr\/wp-json\/wp\/v2\/product"}],"about":[{"href":"https:\/\/www.dennebosflooring.com\/fr\/wp-json\/wp\/v2\/types\/product"}],"wp:featuredmedia":[{"embeddable":true,"href":"https:\/\/www.dennebosflooring.com\/fr\/wp-json\/wp\/v2\/media\/9714"}],"wp:attachment":[{"href":"https:\/\/www.dennebosflooring.com\/fr\/wp-json\/wp\/v2\/media?parent=9713"}],"wp:term":[{"taxonomy":"product_brand","embeddable":true,"href":"https:\/\/www.dennebosflooring.com\/fr\/wp-json\/wp\/v2\/product_brand?post=9713"},{"taxonomy":"product_cat","embeddable":true,"href":"https:\/\/www.dennebosflooring.com\/fr\/wp-json\/wp\/v2\/product_cat?post=9713"},{"taxonomy":"product_tag","embeddable":true,"href":"https:\/\/www.dennebosflooring.com\/fr\/wp-json\/wp\/v2\/product_tag?post=9713"}],"curies":[{"name":"wp","href":"https:\/\/api.w.org\/{rel}","templated":true}]}}